{"id":32,"date":"2023-03-23T08:49:48","date_gmt":"2023-03-23T07:49:48","guid":{"rendered":"http:\/\/extnuit.fr\/?page_id=32"},"modified":"2023-03-24T03:59:25","modified_gmt":"2023-03-24T02:59:25","slug":"ecriture","status":"publish","type":"page","link":"https:\/\/extnuit.fr\/index.php\/ecriture\/","title":{"rendered":"Conseils d&#8217;\u00e9criture"},"content":{"rendered":"\n<hr class=\"wp-block-separator has-alpha-channel-opacity\"\/>\n\n\n\n<p>Dans cette rubrique, nous avons rassembl\u00e9 tous les conseils techniques et petites astuces qui vous aideront \u00e0 mener \u00e0 bien votre projet d&#8217;\u00e9criture. Vous y trouverez des id\u00e9es et des astuces pour cr\u00e9er et am\u00e9liorer vos personnages, pour d\u00e9velopper votre structure narrative, ou pour rendre vos dialogues plus dynamiques.<\/p>\n\n\n\n<p>Ces conseils ne doivent cependant pas \u00eatre vus comme des lois absolues \u00e0 suivre religieusement ! L&#8217;\u00e9criture d&#8217;un sc\u00e9nario est un art, et il n&#8217;y a pas une unique fa\u00e7on de faire, pas de formule magique. La cr\u00e9ation gardera toujours quelque chose de magique et d&#8217;intuitif, n&#8217;en d\u00e9plaise \u00e0 ceux qui nous annoncent la disparition des \u00e9crivains \u00e0 cause de l&#8217;intelligence artificielle. <\/p>\n\n\n\n<p>Mais, parfois, dans ce processus long, difficile et parfois solitaire qu&#8217;est l&#8217;\u00e9criture, il peut \u00eatre utile d&#8217;aller voir ceux et celles qui ont \u00e9crit avant nous et de nous inspirer de leurs exp\u00e9riences, de leurs d\u00e9couvertes et de leurs r\u00e9flexions. <\/p>\n","protected":false},"excerpt":{"rendered":"<p>Dans cette rubrique, nous avons rassembl\u00e9 tous les conseils techniques et petites astuces qui vous aideront \u00e0 mener \u00e0 bien<\/p>\n","protected":false},"author":1,"featured_media":0,"parent":0,"menu_order":0,"comment_status":"closed","ping_status":"closed","template":"","meta":{"footnotes":""},"class_list":["post-32","page","type-page","status-publish","hentry"],"_links":{"self":[{"href":"https:\/\/extnuit.fr\/index.php\/wp-json\/wp\/v2\/pages\/32","targetHints":{"allow":["GET"]}}],"collection":[{"href":"https:\/\/extnuit.fr\/index.php\/wp-json\/wp\/v2\/pages"}],"about":[{"href":"https:\/\/extnuit.fr\/index.php\/wp-json\/wp\/v2\/types\/page"}],"author":[{"embeddable":true,"href":"https:\/\/extnuit.fr\/index.php\/wp-json\/wp\/v2\/users\/1"}],"replies":[{"embeddable":true,"href":"https:\/\/extnuit.fr\/index.php\/wp-json\/wp\/v2\/comments?post=32"}],"version-history":[{"count":4,"href":"https:\/\/extnuit.fr\/index.php\/wp-json\/wp\/v2\/pages\/32\/revisions"}],"predecessor-version":[{"id":6243,"href":"https:\/\/extnuit.fr\/index.php\/wp-json\/wp\/v2\/pages\/32\/revisions\/6243"}],"wp:attachment":[{"href":"https:\/\/extnuit.fr\/index.php\/wp-json\/wp\/v2\/media?parent=32"}],"curies":[{"name":"wp","href":"https:\/\/api.w.org\/{rel}","templated":true}]}}