{"id":509,"date":"2019-12-18T08:11:35","date_gmt":"2019-12-18T07:11:35","guid":{"rendered":"http:\/\/philosopical-falcon.w5.wpsandbox.pro\/?page_id=81"},"modified":"2023-03-29T10:24:50","modified_gmt":"2023-03-29T08:24:50","slug":"a-faire","status":"publish","type":"page","link":"https:\/\/extnuit.fr\/index.php\/a-faire\/","title":{"rendered":"Nos services"},"content":{"rendered":"\n<div class=\"wp-block-columns alignwide is-layout-flex wp-container-core-columns-is-layout-829b1d53 wp-block-columns-is-layout-flex\" style=\"margin-bottom:0\">\n<div class=\"wp-block-column has-text-color has-background has-link-color has-medium-font-size wp-elements-f9e9dad5907e8a02d890bf0032292c09 is-layout-flow wp-block-column-is-layout-flow\" style=\"color:#000000;background-color:#cdf0f8;padding-top:2em;padding-right:2em;padding-bottom:2em;padding-left:2em;font-style:normal;font-weight:500\">\n<h2 class=\"alignwide wp-block-heading\" id=\"family\" style=\"font-size:40px\"><strong>Lecture<\/strong><\/h2>\n\n\n\n<hr class=\"wp-block-separator has-text-color has-black-color has-alpha-channel-opacity has-black-background-color has-background is-style-wide\"\/>\n\n\n\n<p><strong>Nous lisons et \u00e9tudions votre projet et vous fournissons une fiche lecture (3-4 pages), comprenant un r\u00e9sum\u00e9, une analyse de la structure et du propos, ainsi que des pistes de r\u00e9\u00e9criture et d&#8217;approfondissement. <\/strong><\/p>\n\n\n\n<p><\/p>\n\n\n\n<ul class=\"has-normal-font-size wp-block-list\">\n<li>Bible TV de moins de 25 pages : 110\u20ac<\/li>\n\n\n\n<li>Bilble TV de plus de 25 pages : 120\u20ac<\/li>\n\n\n\n<li>Sc\u00e9nario long-m\u00e9trage : 180\u20ac<\/li>\n\n\n\n<li>Sc\u00e9nario 1 \u00e9pisode TV de 52&#8242; : 120\u20ac<\/li>\n\n\n\n<li>Sc\u00e9nario 1 \u00e9pisode TV de 26&#8242; ou court-m\u00e9trage : 80\u20ac<\/li>\n<\/ul>\n\n\n\n<div class=\"wp-block-buttons alignfull is-horizontal is-content-justification-center is-layout-flex wp-container-core-buttons-is-layout-499968f5 wp-block-buttons-is-layout-flex\"><\/div>\n<\/div>\n\n\n\n<div class=\"wp-block-column has-text-color has-background has-link-color wp-elements-7729686e666776f56243ef3cd666e737 is-layout-flow wp-block-column-is-layout-flow\" style=\"color:#000000;background-color:#f9e9ac;padding-top:2em;padding-right:2em;padding-bottom:2em;padding-left:2em\">\n<h2 class=\"alignwide wp-block-heading\" id=\"single\" style=\"font-size:40px\"><strong>Traduction<\/strong><\/h2>\n\n\n\n<hr class=\"wp-block-separator has-text-color has-black-color has-alpha-channel-opacity has-black-background-color has-background is-style-wide\"\/>\n\n\n\n<p><strong>Nous traduisons vos sc\u00e9narios et vos bibles de s\u00e9rie du fran\u00e7ais vers l&#8217;anglais et inversement, avec efficacit\u00e9 et dans le respect des exigences particuli\u00e8res de l&#8217;\u00e9criture sc\u00e9naristique<\/strong>.<\/p>\n\n\n\n<p><\/p>\n\n\n\n<ul class=\"has-normal-font-size wp-block-list\">\n<li>Du fran\u00e7ais vers l&#8217;anglais : 0,12\u20ac\/mot ou 1 CDDU 8h 101,93\u20ac brut\/1250 mots<\/li>\n\n\n\n<li>De l&#8217;anglais vers le fran\u00e7ais : 0,09\u20ac\/mot ou 1 CDDU 7h 89,19\u20ac brut\/1500 mots<\/li>\n\n\n\n<li>Pour des missions \u00e0 r\u00e9aliser en urgence : +25% sur les tarifs indiqu\u00e9s.<\/li>\n<\/ul>\n<\/div>\n<\/div>\n\n\n\n<div class=\"wp-block-columns alignwide is-layout-flex wp-container-core-columns-is-layout-829b1d53 wp-block-columns-is-layout-flex\" style=\"margin-bottom:0\">\n<div class=\"wp-block-column has-text-color has-background has-link-color wp-elements-dd5776f3f0fab8e7485fe68ccd764999 is-layout-flow wp-block-column-is-layout-flow\" style=\"color:#000000;background-color:#d1d1e1;padding-top:2em;padding-right:2em;padding-bottom:2em;padding-left:2em\">\n<h2 class=\"alignwide wp-block-heading\" id=\"family\" style=\"font-size:40px\"><strong>Coordination d&#8217;\u00e9criture<\/strong><\/h2>\n\n\n\n<p class=\"has-normal-font-size\" style=\"line-height:1.5\"><strong>Nous lisons et \u00e9tudions votre projet et vous fournissons une fiche lecture (3-4 pages), comprenant un r\u00e9sum\u00e9, une analyse de la structure et du propos, ainsi que des pistes de r\u00e9\u00e9criture et d&#8217;approfondissement. <\/strong><\/p>\n\n\n\n<hr class=\"wp-block-separator has-css-opacity is-style-wide\"\/>\n\n\n\n<ul class=\"has-normal-font-size wp-block-list\">\n<li>Bible TV de moins de 25 pages : 110\u20ac<\/li>\n\n\n\n<li>Bilble TV de plus de 25 pages : 120\u20ac<\/li>\n\n\n\n<li>Sc\u00e9nario long-m\u00e9trage : 180\u20ac<\/li>\n\n\n\n<li>Sc\u00e9nario 1 \u00e9pisode TV de 52&#8242; : 120\u20ac<\/li>\n\n\n\n<li>Sc\u00e9nario 1 \u00e9pisode TV de 26&#8242; ou court-m\u00e9trage : 80\u20ac<\/li>\n<\/ul>\n\n\n\n<div class=\"wp-block-buttons alignfull is-horizontal is-content-justification-center is-layout-flex wp-container-core-buttons-is-layout-499968f5 wp-block-buttons-is-layout-flex\">\n<div class=\"wp-block-button has-custom-width wp-block-button__width-100 is-style-fill\"><a class=\"wp-block-button__link has-white-color has-text-color has-background no-border-radius wp-element-button\" style=\"background-color:#000000\">En savoir plus<\/a><\/div>\n<\/div>\n<\/div>\n\n\n\n<div class=\"wp-block-column has-text-color has-background has-link-color wp-elements-5f66a8b89bee92e5da935712d0521b39 is-layout-flow wp-block-column-is-layout-flow\" style=\"color:#000000;background-color:#ffe97d;padding-top:2em;padding-right:2em;padding-bottom:2em;padding-left:2em\">\n<h2 class=\"alignwide wp-block-heading\" id=\"single\" style=\"font-size:40px\"><strong>Script-Doctoring<\/strong><\/h2>\n\n\n\n<p class=\"has-normal-font-size\" style=\"line-height:1.5\"><strong>Nous traduisons vos sc\u00e9narios et vos bibles de s\u00e9rie du fran\u00e7ais vers l&#8217;anglais (et inversement), avec efficacit\u00e9 et dans le respect des exigences particuli\u00e8res de l&#8217;\u00e9criture sc\u00e9naristique. <\/strong><\/p>\n\n\n\n<hr class=\"wp-block-separator has-text-color has-css-opacity has-background is-style-wide\" style=\"background-color:#000000;color:#000000\"\/>\n\n\n\n<ul class=\"has-normal-font-size wp-block-list\">\n<li>Du fran\u00e7ais vers l&#8217;anglais : 0,12\u20ac\/mot ou 1 CDDU 8h 101,93\u20ac brut\/1250 mots<\/li>\n\n\n\n<li>De l&#8217;anglais vers le fran\u00e7ais : 0,09\u20ac\/mot ou 1 CDDU 7h 89,19\u20ac brut\/1500 mots<\/li>\n\n\n\n<li>Pour des missions \u00e0 r\u00e9aliser en urgence : +25% sur les tarifs indiqu\u00e9s.<\/li>\n<\/ul>\n\n\n\n<div class=\"wp-block-buttons alignfull is-horizontal is-content-justification-center is-layout-flex wp-container-core-buttons-is-layout-499968f5 wp-block-buttons-is-layout-flex\">\n<div class=\"wp-block-button has-custom-width wp-block-button__width-100\"><a class=\"wp-block-button__link has-white-color has-text-color has-background no-border-radius wp-element-button\" style=\"background-color:#000000\">En savoir plus<\/a><\/div>\n<\/div>\n<\/div>\n<\/div>\n\n\n\n<div class=\"wp-block-columns is-layout-flex wp-container-core-columns-is-layout-9d6595d7 wp-block-columns-is-layout-flex\">\n<div class=\"wp-block-column is-layout-flow wp-block-column-is-layout-flow\">\n<pre class=\"wp-block-code\"><code><\/code><\/pre>\n<\/div>\n\n\n\n<div class=\"wp-block-column is-layout-flow wp-block-column-is-layout-flow\"><\/div>\n<\/div>\n","protected":false},"excerpt":{"rendered":"<p>Lecture Nous lisons et \u00e9tudions votre projet et vous fournissons une fiche lecture (3-4 pages), comprenant un r\u00e9sum\u00e9, une analyse<\/p>\n","protected":false},"author":1,"featured_media":0,"parent":0,"menu_order":0,"comment_status":"closed","ping_status":"closed","template":"","meta":{"footnotes":""},"class_list":["post-509","page","type-page","status-publish","hentry"],"_links":{"self":[{"href":"https:\/\/extnuit.fr\/index.php\/wp-json\/wp\/v2\/pages\/509","targetHints":{"allow":["GET"]}}],"collection":[{"href":"https:\/\/extnuit.fr\/index.php\/wp-json\/wp\/v2\/pages"}],"about":[{"href":"https:\/\/extnuit.fr\/index.php\/wp-json\/wp\/v2\/types\/page"}],"author":[{"embeddable":true,"href":"https:\/\/extnuit.fr\/index.php\/wp-json\/wp\/v2\/users\/1"}],"replies":[{"embeddable":true,"href":"https:\/\/extnuit.fr\/index.php\/wp-json\/wp\/v2\/comments?post=509"}],"version-history":[{"count":4,"href":"https:\/\/extnuit.fr\/index.php\/wp-json\/wp\/v2\/pages\/509\/revisions"}],"predecessor-version":[{"id":11089,"href":"https:\/\/extnuit.fr\/index.php\/wp-json\/wp\/v2\/pages\/509\/revisions\/11089"}],"wp:attachment":[{"href":"https:\/\/extnuit.fr\/index.php\/wp-json\/wp\/v2\/media?parent=509"}],"curies":[{"name":"wp","href":"https:\/\/api.w.org\/{rel}","templated":true}]}}